{"id":2,"date":"2024-04-04T13:09:03","date_gmt":"2024-04-04T13:09:03","guid":{"rendered":"https:\/\/wordpress.lg-deiringsen.de\/?page_id=2"},"modified":"2024-06-24T08:21:58","modified_gmt":"2024-06-24T06:21:58","slug":"sample-page","status":"publish","type":"page","link":"https:\/\/lg-deiringsen.de\/?page_id=2","title":{"rendered":"Training"},"content":{"rendered":"\n<h2 class=\"wp-block-heading\">Unsere Trainingszeiten<\/h2>\n\n\n\n<figure class=\"wp-block-image size-large\"><img fetchpriority=\"high\" decoding=\"async\" width=\"1024\" height=\"719\" src=\"https:\/\/wordpress.lg-deiringsen.de\/wp-content\/uploads\/2024\/04\/202404_Trainingsplan_2-3-1024x719.png\" alt=\"\" class=\"wp-image-93\" srcset=\"https:\/\/lg-deiringsen.de\/wp-content\/uploads\/2024\/04\/202404_Trainingsplan_2-3-1024x719.png 1024w, https:\/\/lg-deiringsen.de\/wp-content\/uploads\/2024\/04\/202404_Trainingsplan_2-3-300x211.png 300w, https:\/\/lg-deiringsen.de\/wp-content\/uploads\/2024\/04\/202404_Trainingsplan_2-3-768x539.png 768w, https:\/\/lg-deiringsen.de\/wp-content\/uploads\/2024\/04\/202404_Trainingsplan_2-3-1536x1078.png 1536w, https:\/\/lg-deiringsen.de\/wp-content\/uploads\/2024\/04\/202404_Trainingsplan_2-3-2048x1437.png 2048w, https:\/\/lg-deiringsen.de\/wp-content\/uploads\/2024\/04\/202404_Trainingsplan_2-3-676x474.png 676w\" sizes=\"(max-width: 1024px) 100vw, 1024px\" \/><\/figure>\n\n\n\n<h2 class=\"wp-block-heading\">Die Laufschule<\/h2>\n\n\n\n<figure class=\"wp-block-image size-large\"><img decoding=\"async\" width=\"726\" height=\"1024\" src=\"https:\/\/wordpress.lg-deiringsen.de\/wp-content\/uploads\/2024\/04\/202404_Laufschule-1-726x1024.png\" alt=\"\" class=\"wp-image-114\" srcset=\"https:\/\/lg-deiringsen.de\/wp-content\/uploads\/2024\/04\/202404_Laufschule-1-726x1024.png 726w, https:\/\/lg-deiringsen.de\/wp-content\/uploads\/2024\/04\/202404_Laufschule-1-213x300.png 213w, https:\/\/lg-deiringsen.de\/wp-content\/uploads\/2024\/04\/202404_Laufschule-1-768x1084.png 768w, https:\/\/lg-deiringsen.de\/wp-content\/uploads\/2024\/04\/202404_Laufschule-1-1088x1536.png 1088w, https:\/\/lg-deiringsen.de\/wp-content\/uploads\/2024\/04\/202404_Laufschule-1-1451x2048.png 1451w, https:\/\/lg-deiringsen.de\/wp-content\/uploads\/2024\/04\/202404_Laufschule-1-676x954.png 676w\" sizes=\"(max-width: 726px) 100vw, 726px\" \/><\/figure>\n\n\n\n<h2 class=\"wp-block-heading\">Laufkurse f\u00fcr Anf\u00e4nger, der erfolgreiche Weg zum Laufeinstieg<\/h2>\n\n\n\n<p><a href=\"https:\/\/wordpress.lg-deiringsen.de\/?page_id=420\">Durch Laufkurse erhalten\u00a0Laufeinsteiger Wissen zum\u00a0Lauftraining. Es werden deutschlandweit Kurse zu unterschiedlichsten Themen und Zielsetzungen angeboten. Der Fokus liegt meist in der praktischen Vermittlung von Wissen. Themen zur Lauftechnik, Krafttraining f\u00fcr L\u00e4ufer, Koordinationstraining, allgemeines Lauftraining, Mobilisierung, Tempotraining, Trainingsgestaltung sind f\u00fcr einen Gro\u00dfteil der Laufanf\u00e4nger von Interesse. Neben diesen themenspezifischen Laufkursen bieten unsere zielorientierten mehrw\u00f6chige Angebote die M\u00f6glichkeit in der Gruppe und unter Anleitung eines erfahrenen L\u00e4ufers oder Trainers, zu trainieren &#8230;<\/a><\/p>\n","protected":false},"excerpt":{"rendered":"<p>Unsere Trainingszeiten Die Laufschule Laufkurse f\u00fcr Anf\u00e4nger, der erfolgreiche Weg zum Laufeinstieg Durch Laufkurse erhalten\u00a0Laufeinsteiger Wissen zum\u00a0Lauftraining. Es werden deutschlandweit Kurse zu unterschiedlichsten Themen und Zielsetzungen angeboten. Der Fokus liegt [&hellip;]<\/p>\n","protected":false},"author":1,"featured_media":0,"parent":0,"menu_order":0,"comment_status":"closed","ping_status":"open","template":"","meta":{"footnotes":""},"class_list":["post-2","page","type-page","status-publish","hentry","post-preview"],"yoast_head":"<!-- This site is optimized with the Yoast SEO plugin v27.5 - https:\/\/yoast.com\/product\/yoast-seo-wordpress\/ -->\n<title>Training - LG-Deiringsen<\/title>\n<meta name=\"robots\" content=\"index, follow, max-snippet:-1, max-image-preview:large, max-video-preview:-1\" \/>\n<link rel=\"canonical\" href=\"https:\/\/lg-deiringsen.de\/?page_id=2\" \/>\n<meta property=\"og:locale\" content=\"de_DE\" \/>\n<meta property=\"og:type\" content=\"article\" \/>\n<meta property=\"og:title\" content=\"Training - LG-Deiringsen\" \/>\n<meta property=\"og:description\" content=\"Unsere Trainingszeiten Die Laufschule Laufkurse f\u00fcr Anf\u00e4nger, der erfolgreiche Weg zum Laufeinstieg Durch Laufkurse erhalten\u00a0Laufeinsteiger Wissen zum\u00a0Lauftraining. Es werden deutschlandweit Kurse zu unterschiedlichsten Themen und Zielsetzungen angeboten. Der Fokus liegt [&hellip;]\" \/>\n<meta property=\"og:url\" content=\"https:\/\/lg-deiringsen.de\/?page_id=2\" \/>\n<meta property=\"og:site_name\" content=\"LG-Deiringsen\" \/>\n<meta property=\"article:modified_time\" content=\"2024-06-24T06:21:58+00:00\" \/>\n<meta property=\"og:image\" content=\"https:\/\/wordpress.lg-deiringsen.de\/wp-content\/uploads\/2024\/04\/202404_Trainingsplan_2-3-1024x719.png\" \/>\n<meta name=\"twitter:card\" content=\"summary_large_image\" \/>\n<meta name=\"twitter:label1\" content=\"Gesch\u00e4tzte Lesezeit\" \/>\n\t<meta name=\"twitter:data1\" content=\"1\u00a0Minute\" \/>\n<script type=\"application\/ld+json\" class=\"yoast-schema-graph\">{\"@context\":\"https:\\\/\\\/schema.org\",\"@graph\":[{\"@type\":\"WebPage\",\"@id\":\"https:\\\/\\\/lg-deiringsen.de\\\/?page_id=2\",\"url\":\"https:\\\/\\\/lg-deiringsen.de\\\/?page_id=2\",\"name\":\"Training - LG-Deiringsen\",\"isPartOf\":{\"@id\":\"https:\\\/\\\/lg-deiringsen.de\\\/#website\"},\"primaryImageOfPage\":{\"@id\":\"https:\\\/\\\/lg-deiringsen.de\\\/?page_id=2#primaryimage\"},\"image\":{\"@id\":\"https:\\\/\\\/lg-deiringsen.de\\\/?page_id=2#primaryimage\"},\"thumbnailUrl\":\"https:\\\/\\\/wordpress.lg-deiringsen.de\\\/wp-content\\\/uploads\\\/2024\\\/04\\\/202404_Trainingsplan_2-3-1024x719.png\",\"datePublished\":\"2024-04-04T13:09:03+00:00\",\"dateModified\":\"2024-06-24T06:21:58+00:00\",\"breadcrumb\":{\"@id\":\"https:\\\/\\\/lg-deiringsen.de\\\/?page_id=2#breadcrumb\"},\"inLanguage\":\"de\",\"potentialAction\":[{\"@type\":\"ReadAction\",\"target\":[\"https:\\\/\\\/lg-deiringsen.de\\\/?page_id=2\"]}]},{\"@type\":\"ImageObject\",\"inLanguage\":\"de\",\"@id\":\"https:\\\/\\\/lg-deiringsen.de\\\/?page_id=2#primaryimage\",\"url\":\"https:\\\/\\\/wordpress.lg-deiringsen.de\\\/wp-content\\\/uploads\\\/2024\\\/04\\\/202404_Trainingsplan_2-3-1024x719.png\",\"contentUrl\":\"https:\\\/\\\/wordpress.lg-deiringsen.de\\\/wp-content\\\/uploads\\\/2024\\\/04\\\/202404_Trainingsplan_2-3-1024x719.png\"},{\"@type\":\"BreadcrumbList\",\"@id\":\"https:\\\/\\\/lg-deiringsen.de\\\/?page_id=2#breadcrumb\",\"itemListElement\":[{\"@type\":\"ListItem\",\"position\":1,\"name\":\"Startseite\",\"item\":\"https:\\\/\\\/lg-deiringsen.de\\\/\"},{\"@type\":\"ListItem\",\"position\":2,\"name\":\"Training\"}]},{\"@type\":\"WebSite\",\"@id\":\"https:\\\/\\\/lg-deiringsen.de\\\/#website\",\"url\":\"https:\\\/\\\/lg-deiringsen.de\\\/\",\"name\":\"LG-Deiringsen\",\"description\":\"\",\"publisher\":{\"@id\":\"https:\\\/\\\/lg-deiringsen.de\\\/#organization\"},\"alternateName\":\"Laufgruppe Deiringsen\",\"potentialAction\":[{\"@type\":\"SearchAction\",\"target\":{\"@type\":\"EntryPoint\",\"urlTemplate\":\"https:\\\/\\\/lg-deiringsen.de\\\/?s={search_term_string}\"},\"query-input\":{\"@type\":\"PropertyValueSpecification\",\"valueRequired\":true,\"valueName\":\"search_term_string\"}}],\"inLanguage\":\"de\"},{\"@type\":\"Organization\",\"@id\":\"https:\\\/\\\/lg-deiringsen.de\\\/#organization\",\"name\":\"LG-Deiringsen\",\"url\":\"https:\\\/\\\/lg-deiringsen.de\\\/\",\"logo\":{\"@type\":\"ImageObject\",\"inLanguage\":\"de\",\"@id\":\"https:\\\/\\\/lg-deiringsen.de\\\/#\\\/schema\\\/logo\\\/image\\\/\",\"url\":\"https:\\\/\\\/lg-deiringsen.de\\\/wp-content\\\/uploads\\\/2024\\\/04\\\/logotrans100.png\",\"contentUrl\":\"https:\\\/\\\/lg-deiringsen.de\\\/wp-content\\\/uploads\\\/2024\\\/04\\\/logotrans100.png\",\"width\":100,\"height\":100,\"caption\":\"LG-Deiringsen\"},\"image\":{\"@id\":\"https:\\\/\\\/lg-deiringsen.de\\\/#\\\/schema\\\/logo\\\/image\\\/\"}}]}<\/script>\n<!-- \/ Yoast SEO plugin. -->","yoast_head_json":{"title":"Training - LG-Deiringsen","robots":{"index":"index","follow":"follow","max-snippet":"max-snippet:-1","max-image-preview":"max-image-preview:large","max-video-preview":"max-video-preview:-1"},"canonical":"https:\/\/lg-deiringsen.de\/?page_id=2","og_locale":"de_DE","og_type":"article","og_title":"Training - LG-Deiringsen","og_description":"Unsere Trainingszeiten Die Laufschule Laufkurse f\u00fcr Anf\u00e4nger, der erfolgreiche Weg zum Laufeinstieg Durch Laufkurse erhalten\u00a0Laufeinsteiger Wissen zum\u00a0Lauftraining. Es werden deutschlandweit Kurse zu unterschiedlichsten Themen und Zielsetzungen angeboten. Der Fokus liegt [&hellip;]","og_url":"https:\/\/lg-deiringsen.de\/?page_id=2","og_site_name":"LG-Deiringsen","article_modified_time":"2024-06-24T06:21:58+00:00","og_image":[{"url":"https:\/\/wordpress.lg-deiringsen.de\/wp-content\/uploads\/2024\/04\/202404_Trainingsplan_2-3-1024x719.png","type":"","width":"","height":""}],"twitter_card":"summary_large_image","twitter_misc":{"Gesch\u00e4tzte Lesezeit":"1\u00a0Minute"},"schema":{"@context":"https:\/\/schema.org","@graph":[{"@type":"WebPage","@id":"https:\/\/lg-deiringsen.de\/?page_id=2","url":"https:\/\/lg-deiringsen.de\/?page_id=2","name":"Training - LG-Deiringsen","isPartOf":{"@id":"https:\/\/lg-deiringsen.de\/#website"},"primaryImageOfPage":{"@id":"https:\/\/lg-deiringsen.de\/?page_id=2#primaryimage"},"image":{"@id":"https:\/\/lg-deiringsen.de\/?page_id=2#primaryimage"},"thumbnailUrl":"https:\/\/wordpress.lg-deiringsen.de\/wp-content\/uploads\/2024\/04\/202404_Trainingsplan_2-3-1024x719.png","datePublished":"2024-04-04T13:09:03+00:00","dateModified":"2024-06-24T06:21:58+00:00","breadcrumb":{"@id":"https:\/\/lg-deiringsen.de\/?page_id=2#breadcrumb"},"inLanguage":"de","potentialAction":[{"@type":"ReadAction","target":["https:\/\/lg-deiringsen.de\/?page_id=2"]}]},{"@type":"ImageObject","inLanguage":"de","@id":"https:\/\/lg-deiringsen.de\/?page_id=2#primaryimage","url":"https:\/\/wordpress.lg-deiringsen.de\/wp-content\/uploads\/2024\/04\/202404_Trainingsplan_2-3-1024x719.png","contentUrl":"https:\/\/wordpress.lg-deiringsen.de\/wp-content\/uploads\/2024\/04\/202404_Trainingsplan_2-3-1024x719.png"},{"@type":"BreadcrumbList","@id":"https:\/\/lg-deiringsen.de\/?page_id=2#breadcrumb","itemListElement":[{"@type":"ListItem","position":1,"name":"Startseite","item":"https:\/\/lg-deiringsen.de\/"},{"@type":"ListItem","position":2,"name":"Training"}]},{"@type":"WebSite","@id":"https:\/\/lg-deiringsen.de\/#website","url":"https:\/\/lg-deiringsen.de\/","name":"LG-Deiringsen","description":"","publisher":{"@id":"https:\/\/lg-deiringsen.de\/#organization"},"alternateName":"Laufgruppe Deiringsen","potentialAction":[{"@type":"SearchAction","target":{"@type":"EntryPoint","urlTemplate":"https:\/\/lg-deiringsen.de\/?s={search_term_string}"},"query-input":{"@type":"PropertyValueSpecification","valueRequired":true,"valueName":"search_term_string"}}],"inLanguage":"de"},{"@type":"Organization","@id":"https:\/\/lg-deiringsen.de\/#organization","name":"LG-Deiringsen","url":"https:\/\/lg-deiringsen.de\/","logo":{"@type":"ImageObject","inLanguage":"de","@id":"https:\/\/lg-deiringsen.de\/#\/schema\/logo\/image\/","url":"https:\/\/lg-deiringsen.de\/wp-content\/uploads\/2024\/04\/logotrans100.png","contentUrl":"https:\/\/lg-deiringsen.de\/wp-content\/uploads\/2024\/04\/logotrans100.png","width":100,"height":100,"caption":"LG-Deiringsen"},"image":{"@id":"https:\/\/lg-deiringsen.de\/#\/schema\/logo\/image\/"}}]}},"_links":{"self":[{"href":"https:\/\/lg-deiringsen.de\/index.php?rest_route=\/wp\/v2\/pages\/2","targetHints":{"allow":["GET"]}}],"collection":[{"href":"https:\/\/lg-deiringsen.de\/index.php?rest_route=\/wp\/v2\/pages"}],"about":[{"href":"https:\/\/lg-deiringsen.de\/index.php?rest_route=\/wp\/v2\/types\/page"}],"author":[{"embeddable":true,"href":"https:\/\/lg-deiringsen.de\/index.php?rest_route=\/wp\/v2\/users\/1"}],"replies":[{"embeddable":true,"href":"https:\/\/lg-deiringsen.de\/index.php?rest_route=%2Fwp%2Fv2%2Fcomments&post=2"}],"version-history":[{"count":15,"href":"https:\/\/lg-deiringsen.de\/index.php?rest_route=\/wp\/v2\/pages\/2\/revisions"}],"predecessor-version":[{"id":550,"href":"https:\/\/lg-deiringsen.de\/index.php?rest_route=\/wp\/v2\/pages\/2\/revisions\/550"}],"wp:attachment":[{"href":"https:\/\/lg-deiringsen.de\/index.php?rest_route=%2Fwp%2Fv2%2Fmedia&parent=2"}],"curies":[{"name":"wp","href":"https:\/\/api.w.org\/{rel}","templated":true}]}}