{"id":132,"date":"2024-04-28T13:19:26","date_gmt":"2024-04-28T13:19:26","guid":{"rendered":"https:\/\/wordpress.lg-deiringsen.de\/?page_id=132"},"modified":"2024-06-19T12:25:45","modified_gmt":"2024-06-19T10:25:45","slug":"datenschutzerklaerung","status":"publish","type":"page","link":"https:\/\/lg-deiringsen.de\/?page_id=132","title":{"rendered":"Datenschutzerkl\u00e4rung"},"content":{"rendered":"\n<h1 class=\"wp-block-heading\"><strong>Allgemeines<\/strong><\/h1>\n\n\n\n<p><strong>Die Einhaltung der Datenschutzgesetze ist f\u00fcr uns ein Vertrauensfaktor und nicht nur gesetzliche Pflicht. Wir m\u00f6chten Ihnen erkl\u00e4ren wie wir mit Ihren personenbezogenen Daten (im nachfolgenden Daten genannt) umgehen und informieren Sie mit den nachfolgenden Datenschutzbestimmungen \u00fcber die Art, den Umfang und den Zweck der von Ihnen auf dieser Webseite erhobenen und verarbeiteten Daten, sowie Ihre Rechte.<\/strong><\/p>\n\n\n\n<h1 class=\"wp-block-heading\">Verantwortlichkeit f\u00fcr die Datenverarbeitung<\/h1>\n\n\n\n<p><strong>LG-Deiringsen e.V., Dieter Schenzer, Alte Dorfstra\u00dfe 42, 59494 Soest, (im Folgenden: \u201eWir\u201c) sind als Betreiber der Website www.lg-deiringsen.de Verantwortlicher gem. Art. 4 Abs. 7 EU-Datenschutz-Grundverordnung (DSGVO). Bei Fragen k\u00f6nnen Sie sich an datenschutz@lg-deiringsen.de wenden.<\/strong> <\/p>\n\n\n\n<h1 class=\"wp-block-heading\">Datenschutzbeauftragter<\/h1>\n\n\n\n<p><strong>Wir haben keinen Datenschutzbeauftragen bestellt, da dies f\u00fcr uns nicht verpflichtend ist. Bei Fragen zu Ihren Daten oder bei allen Frageb die Ihre Daten betreffen k\u00f6nnen Sie uns \u00fcber&nbsp;<a href=\"mailto:datenschutz@lg-deiringsen.de\">datenschutz@lg-deiringsen.de<\/a>&nbsp;kontaktieren.<\/strong> <\/p>\n\n\n\n<h1 class=\"wp-block-heading\">Ihre Rechte als betroffene Person<\/h1>\n\n\n\n<p><br><strong>Als betroffene Person haben Sie uns gegen\u00fcber folgende Rechte hinsichtlich Ihrer Daten. Sie haben:<\/strong><\/p>\n\n\n\n<p><strong>Nach&nbsp;Art. 15 DSGVO<br><\/strong><strong>Ein Recht auf Auskunft \u00fcber die Kategorien der verarbeiteten Daten, der Verarbeitungszwecke, die Speicherdauer sowie etwaige Empf\u00e4nger.&nbsp;<\/strong><\/p>\n\n\n\n<p><strong>Nach Art. 17 DSGVO<br><\/strong><strong>Ein Recht auf Berichtigung oder L\u00f6schung unrichtiger bzw. unvollst\u00e4ndiger Daten.&nbsp;<\/strong><\/p>\n\n\n\n<p><strong>Nach Art. 18 DSGVO<br><\/strong><strong>Ein Recht auf Einschr\u00e4nkung der Verarbeitung, soweit eine L\u00f6schung strittig oder aus landesrechtlichen Gr\u00fcnden nicht m\u00f6glich ist.<\/strong><\/p>\n\n\n\n<p><strong>Nach&nbsp;Art. 21 Abs. 1 DSGVO<br><\/strong><strong>Ein Recht auf Widerspruch gegen die Verarbeitung, soweit die Datenverarbeitung aufgrund eines berechtigten Interesses erfolgte.<\/strong><\/p>\n\n\n\n<p><strong>Nach&nbsp;Art. 7 Abs. 3 DSGVO<br><\/strong><strong>Ein Recht auf Widerruf einer abgegebenen Einwilligung mit Wirkung f\u00fcr die Zukunft.<\/strong><\/p>\n\n\n\n<p><strong>Nach Art. 20 DSGVO<br><\/strong><strong>Ein Recht auf Daten\u00fcbertragbarkeit in einem g\u00e4ngigen Format.&nbsp;<\/strong><\/p>\n\n\n\n<p><strong>Nach&nbsp;Art. 77 DSGVO<br><\/strong><strong>Sie haben zudem das Recht, sich bei einer Datenschutz-Aufsichtsbeh\u00f6rde \u00fcber die Verarbeitung Ihrer personenbezogenen Daten durch uns zu beschweren, insbesondere in dem Mitgliedstaat Ihres gew\u00f6hnlichen Aufenthaltsorts, Ihres Arbeitsplatzes oder des Orts des mutma\u00dflichen Versto\u00dfes. Eine Liste der Datenschutzbeh\u00f6rden mit weiterf\u00fchrenden Informationen und Kontaktdaten finden Sie unter&nbsp;<a href=\"https:\/\/ec.europa.eu\/info\/law\/law-topic\/data-protection\/data-protection-eu_de#dataprotectionauthorities\" target=\"_blank\" rel=\"noreferrer noopener\">https:\/\/ec.europa.eu\/info\/law\/law-topic\/data-protection\/data-protection-eu_de#dataprotectionauthorities<\/a>.<\/strong> <\/p>\n\n\n\n<h1 class=\"wp-block-heading\">Datenschutzma\u00dfnahmen<\/h1>\n\n\n\n<p><strong>Unsere Website und sonstigen Systeme sind durch technische und organisatorische Ma\u00dfnahmen gegen Verlust, Zerst\u00f6rung, Zugriff, Ver\u00e4nderung oder Verbreitung durch unbefugte Personen ab, damit auch Ihre Daten. Insbesondere werden Ihre Daten verschl\u00fcsselt durch das Internet \u00fcbertragen. Wir bedienen uns dabei des Codierungssystems TLS (Transport Layer Security).<\/strong><br><strong>Eine \u00dcbertragung von Informationen \u00fcber das Internet ist jedoch nie vollst\u00e4ndig sicher, weshalb wir die Sicherheit der von unserer Website \u00fcbermittelten Daten nicht zu 100% garantieren k\u00f6nnen.<\/strong> <\/p>\n\n\n\n<p class=\"has-regular-font-size\"><strong>Server-Log-Dateien<br>Bei jedem Aufruf unserer Webseite werden die folgenden allgemeinen Informationen von Ihrem Browser automatisch an unseren Server \u00fcbermittelt (sog. Server-Log-Dateien): IP-Adresse, Produkt- und Versionsinformationen \u00fcber den verwendeten Browser und das Betriebssystem, die Internetseite von welcher Ihr Zugriff stattfand (sog. Referer), Datum und Uhrzeit der Anfrage und u.U. Ihr Internet-Service-Provider. Au\u00dferdem werden der Status und die \u00fcbertragene Datenmenge im Rahmen dieser Anfrage erfasst.<\/strong><\/p>\n\n\n\n<p><strong>Die IP-Adresse Ihres Computers wird dabei nur f\u00fcr die Zeit Ihrer Nutzung der Website gespeichert und im Anschluss daran unverz\u00fcglich gel\u00f6scht oder durch K\u00fcrzung teilweise unkenntlich gemacht. Die \u00fcbrigen Daten werden f\u00fcr eine begrenzte Zeitdauer (maximal 7 Tage) gespeichert. Die Rechtsgrundlage f\u00fcr die Nutzung der Server-Log-Dateien ist Art. 6 Abs. 1 S. 1 Buchstabe f) DSGVO (Berechtigtes Interesse an der Datenverarbeitung). Das berechtigte Interesse ergibt sich aus der Notwendigkeit f\u00fcr den Betrieb unserer Website, insbesondere um Fehler der Website festzustellen und zu beseitigen, um die Auslastung der Website festzustellen und um Anpassungen oder Verbesserungen vorzunehmen und die Sicherheit des Systems zu gew\u00e4hrleisten. <\/strong><\/p>\n\n\n\n<p class=\"has-regular-font-size\"><strong>Cookies<\/strong><br><strong>Wir benutzen zur Verbesserung der Nutzerfreundlichkeit auf unserer Webseite sogenannte \u201eCookies\u201c. Vereinfacht gesagt ist ein Cookie eine kleine Textdatei, die Daten \u00fcber besuchte Webseiten speichert. Cookies speichern eine Art \u201eBenutzerprofil\u201c, also Dinge wie Ihre bevorzugte Sprache und andere Seiteneinstellungen, die von unserer Webseite ben\u00f6tigt werden, um Ihnen bestimmte Dienste anbieten zu k\u00f6nnen. Diese Datei wird von unserer Webseite auf Ihrem Computer gespeichert und hilft dabei, Sie bei einem erneuten Aufruf unserer Webseite wiederzuerkennen. Wir erhalten durch die Cookies au\u00dferdem Informationen \u00fcber Ihre bevorzugten Aktivit\u00e4ten auf unserer Website und k\u00f6nnen unsere Website so an Ihren individuellen Interessen ausrichten und die Geschwindigkeit der Abwicklung Ihrer Anfragen beschleunigen.<\/strong><\/p>\n\n\n\n<p><strong>Sie k\u00f6nnen die Cookies in den Sicherheitseinstellungen Ihres Browsers jederzeit manuell l\u00f6schen. Sie k\u00f6nnen die Speicherung von Cookies aber auch durch eine entsprechende Einstellung Ihres Browsers von vorneherein verhindern. Bitte beachten Sie dabei aber, dass Sie dann m\u00f6glicherweise nicht s\u00e4mtliche Funktionen unserer Website vollumf\u00e4nglich nutzen k\u00f6nnen.<\/strong><br><strong>Sollten Sie nur unsere eigenen Cookies, nicht aber Cookies unserer Auftragsverarbeiter akzeptieren wollen, k\u00f6nnen Sie die Speicherung dieser Cookies durch die entsprechende Einstellung \u201eCookies von Drittanbietern, in Ihrem Browser, verhindern.<\/strong><\/p>\n\n\n\n<p><strong>Die Rechtsgrundlage f\u00fcr die Nutzung der Cookies ist im Allgemeinen Art. 6 Abs. 1 S. 1 Buchstabe f) DSGVO (Berechtigtes Interesse an der Datenverarbeitung). Das berechtigte Interesse ergibt sich aus unserem Bedarf, Ihnen eine nutzerfreundliche Webseite anbieten zu k\u00f6nnen. F\u00fcr die unten im Einzelnen aufgef\u00fchrten Arten von Cookies k\u00f6nnen abweichend hiervon speziellere Rechtsgrundlagen anwendbar sein.<\/strong><\/p>\n\n\n\n<p><strong>Die verschiedenen Cookies<\/strong><br><strong>Im allgemeinen gibt es verschiedene Arten von Cookies, die verwendet werden k\u00f6nnen:<\/strong><\/p>\n\n\n\n<p><strong>Unbedingt erforderliche Cookies<\/strong><br><strong>Diese Cookies sind unbedingt erforderlich, um Sie durch die Website zu f\u00fchren oder Ihnen den Zugriff auf bestimmte Funktionen zu erm\u00f6glichen, den Sie angefordert haben.<\/strong><\/p>\n\n\n\n<p><strong>Funktionalit\u00e4ts-Cookies<\/strong><br><strong>Diese Cookies verbessern die Funktionalit\u00e4t einer Website durch das Speichern Ihrer Einstellungen.<\/strong><\/p>\n\n\n\n<p><strong>Leistungs- (Performance-) Cookies<\/strong><br><strong>Diese Cookies helfen, die Leistung der Website zu verbessern und bieten eine bessere Benutzererfahrung.<\/strong><\/p>\n\n\n\n<p><strong>Cookies f\u00fcr die Verwaltung von Web-Statistiken<\/strong><br><strong>Cookies werden auch verwendet, um beispielsweise die H\u00e4ufigkeit der Nutzung und auch den wiederholten Besuch von Webseiten zu identifizieren. Laufgruppe Deiringsen folgt strengen Datenschutzbestimmungen, nach denen nur anonymisierte Tracking-Informationen verwendet werden d\u00fcrfen.<\/strong><\/p>\n\n\n\n<p><strong>Online-Werbeverhalten-Cookies<\/strong><br><strong>Diese Cookies werden verwendet, um die Werbung an jeden Besucher individuell anzupassen. Diese Art Cookies wird auf der Website von Laufgruppe Deiringsen nicht eingesetzt.<\/strong><\/p>\n\n\n\n<p class=\"has-regular-font-size\"><strong>Kontaktformular<br>Unsere Website bietet die M\u00f6glichkeit, direkt mit uns in Kontakt, \u00fcber Kontaktformulare, zu treten. Mit dem Absenden eines dieser Formulare erkl\u00e4ren Sie sich mit der Verarbeitung und Speicherung Ihrer eingegebenen Daten (insbesondere Ihrer E-Mailadresse) einverstanden. Die von Ihnen dabei an uns \u00fcbermittelten Daten verarbeiten wir ausschlie\u00dflich bis zur Erreichung des jeweiligen Zwecks Ihrer Kontaktaufnahme, maximal jedoch bis zu 7 Tage nach Zweckerreichung. Dieser Verarbeitung k\u00f6nnen Sie jederzeit mit Wirkung f\u00fcr die Zukunft widersprechen. Nutzen Sie hierf\u00fcr bitte unsere Kontaktdaten in dieser Datenschutzerkl\u00e4rung.<\/strong><\/p>\n\n\n\n<p class=\"has-regular-font-size\"><strong>Die Rechtsgrundlage f\u00fcr die Nutzung der von Ihnen per Kontaktformular an uns \u00fcbermittelten Daten ist Art. 6 Abs. 1 S. 1 Buchstabe a) DSGVO (Einwilligung der betroffenen Person).<\/strong><\/p>\n\n\n\n<h1 class=\"wp-block-heading\">Datenverarbeitung<\/h1>\n\n\n\n<p><strong>Weitergabe von Daten, Auftragsdatenverarbeitung Grunds\u00e4tzlich geben wir Ihre personenbezogenen Daten nicht an Dritte weiter, es sei denn, Sie haben in die Datenweitergabe eingewilligt oder&nbsp;wir sind aufgrund gesetzlicher Bestimmungen oder beh\u00f6rdlicher oder gerichtlicher Anordnungen zu einer Datenweitergabe berechtigt oder verpflichtet. Dabei kann es sich insbesondere um die Auskunftserteilung f\u00fcr Zwecke der Strafverfolgung, zur Gefahrenabwehr oder zur Durchsetzung geistiger Eigentumsrechte handeln.<\/strong><\/p>\n\n\n\n<p><br><strong>Unter Umst\u00e4nden \u00fcbermitteln wir Ihre Daten au\u00dferdem an externe Dienstleister (z.B.&nbsp;race-result.de u.a.), um unsere eigene Datenverarbeitung zu vereinfachen. In diesem Fall wird dieser Auftragsverarbeiter entsprechend Art. 28 DSGVO vertraglich verpflichtet, das hei\u00dft insbesondere, dass der Auftragsverarbeiter hinreichend Garantien daf\u00fcr zu bieten hat, dass durch ihn geeignete technische und organisatorische Ma\u00dfnahmen so durchgef\u00fchrt werden, dass die Verarbeitung im Einklang mit den Anforderungen der DSGVO erfolgt und der Schutz Ihrer Rechte als betroffene Person gew\u00e4hrleistet ist. Trotz Beauftragung von Auftragsverarbeitern bleiben wir f\u00fcr die Verarbeitung Ihrer Daten die Verantwortliche Stelle im Sinne der Datenschutzgesetze.<\/strong><\/p>\n\n\n\n<p><strong>Alle Informationen, die wir von Ihnen oder \u00fcber Sie erhalten, werden grunds\u00e4tzlich auf Servern innerhalb der Europ\u00e4ischen Union verarbeitet. Eine \u00dcbermittlung Ihrer Daten an oder eine Verarbeitung Ihrer Daten in Drittstaaten erfolgt ohne Ihre ausdr\u00fcckliche Einwilligung lediglich, sofern dies gesetzlich vorgesehen ist und in dem Drittstaat ein hierf\u00fcr angemessenes Datenschutzniveau sichergestellt ist.<\/strong><\/p>\n","protected":false},"excerpt":{"rendered":"<p>Allgemeines Die Einhaltung der Datenschutzgesetze ist f\u00fcr uns ein Vertrauensfaktor und nicht nur gesetzliche Pflicht. Wir m\u00f6chten Ihnen erkl\u00e4ren wie wir mit Ihren personenbezogenen Daten (im nachfolgenden Daten genannt) umgehen [&hellip;]<\/p>\n","protected":false},"author":1,"featured_media":0,"parent":0,"menu_order":0,"comment_status":"closed","ping_status":"closed","template":"","meta":{"footnotes":""},"class_list":["post-132","page","type-page","status-publish","hentry","post-preview"],"yoast_head":"<!-- This site is optimized with the Yoast SEO plugin v27.4 - https:\/\/yoast.com\/product\/yoast-seo-wordpress\/ -->\n<title>Datenschutzerkl\u00e4rung - LG-Deiringsen<\/title>\n<meta name=\"robots\" content=\"index, follow, max-snippet:-1, max-image-preview:large, max-video-preview:-1\" \/>\n<link rel=\"canonical\" href=\"https:\/\/lg-deiringsen.de\/?page_id=132\" \/>\n<meta property=\"og:locale\" content=\"de_DE\" \/>\n<meta property=\"og:type\" content=\"article\" \/>\n<meta property=\"og:title\" content=\"Datenschutzerkl\u00e4rung - LG-Deiringsen\" \/>\n<meta property=\"og:description\" content=\"Allgemeines Die Einhaltung der Datenschutzgesetze ist f\u00fcr uns ein Vertrauensfaktor und nicht nur gesetzliche Pflicht. Wir m\u00f6chten Ihnen erkl\u00e4ren wie wir mit Ihren personenbezogenen Daten (im nachfolgenden Daten genannt) umgehen [&hellip;]\" \/>\n<meta property=\"og:url\" content=\"https:\/\/lg-deiringsen.de\/?page_id=132\" \/>\n<meta property=\"og:site_name\" content=\"LG-Deiringsen\" \/>\n<meta property=\"article:modified_time\" content=\"2024-06-19T10:25:45+00:00\" \/>\n<meta name=\"twitter:card\" content=\"summary_large_image\" \/>\n<meta name=\"twitter:label1\" content=\"Gesch\u00e4tzte Lesezeit\" \/>\n\t<meta name=\"twitter:data1\" content=\"7\u00a0Minuten\" \/>\n<script type=\"application\/ld+json\" class=\"yoast-schema-graph\">{\"@context\":\"https:\\\/\\\/schema.org\",\"@graph\":[{\"@type\":\"WebPage\",\"@id\":\"https:\\\/\\\/lg-deiringsen.de\\\/?page_id=132\",\"url\":\"https:\\\/\\\/lg-deiringsen.de\\\/?page_id=132\",\"name\":\"Datenschutzerkl\u00e4rung - LG-Deiringsen\",\"isPartOf\":{\"@id\":\"https:\\\/\\\/lg-deiringsen.de\\\/#website\"},\"datePublished\":\"2024-04-28T13:19:26+00:00\",\"dateModified\":\"2024-06-19T10:25:45+00:00\",\"breadcrumb\":{\"@id\":\"https:\\\/\\\/lg-deiringsen.de\\\/?page_id=132#breadcrumb\"},\"inLanguage\":\"de\",\"potentialAction\":[{\"@type\":\"ReadAction\",\"target\":[\"https:\\\/\\\/lg-deiringsen.de\\\/?page_id=132\"]}]},{\"@type\":\"BreadcrumbList\",\"@id\":\"https:\\\/\\\/lg-deiringsen.de\\\/?page_id=132#breadcrumb\",\"itemListElement\":[{\"@type\":\"ListItem\",\"position\":1,\"name\":\"Startseite\",\"item\":\"https:\\\/\\\/lg-deiringsen.de\\\/\"},{\"@type\":\"ListItem\",\"position\":2,\"name\":\"Datenschutzerkl\u00e4rung\"}]},{\"@type\":\"WebSite\",\"@id\":\"https:\\\/\\\/lg-deiringsen.de\\\/#website\",\"url\":\"https:\\\/\\\/lg-deiringsen.de\\\/\",\"name\":\"LG-Deiringsen\",\"description\":\"\",\"publisher\":{\"@id\":\"https:\\\/\\\/lg-deiringsen.de\\\/#organization\"},\"alternateName\":\"Laufgruppe Deiringsen\",\"potentialAction\":[{\"@type\":\"SearchAction\",\"target\":{\"@type\":\"EntryPoint\",\"urlTemplate\":\"https:\\\/\\\/lg-deiringsen.de\\\/?s={search_term_string}\"},\"query-input\":{\"@type\":\"PropertyValueSpecification\",\"valueRequired\":true,\"valueName\":\"search_term_string\"}}],\"inLanguage\":\"de\"},{\"@type\":\"Organization\",\"@id\":\"https:\\\/\\\/lg-deiringsen.de\\\/#organization\",\"name\":\"LG-Deiringsen\",\"url\":\"https:\\\/\\\/lg-deiringsen.de\\\/\",\"logo\":{\"@type\":\"ImageObject\",\"inLanguage\":\"de\",\"@id\":\"https:\\\/\\\/lg-deiringsen.de\\\/#\\\/schema\\\/logo\\\/image\\\/\",\"url\":\"https:\\\/\\\/lg-deiringsen.de\\\/wp-content\\\/uploads\\\/2024\\\/04\\\/logotrans100.png\",\"contentUrl\":\"https:\\\/\\\/lg-deiringsen.de\\\/wp-content\\\/uploads\\\/2024\\\/04\\\/logotrans100.png\",\"width\":100,\"height\":100,\"caption\":\"LG-Deiringsen\"},\"image\":{\"@id\":\"https:\\\/\\\/lg-deiringsen.de\\\/#\\\/schema\\\/logo\\\/image\\\/\"}}]}<\/script>\n<!-- \/ Yoast SEO plugin. -->","yoast_head_json":{"title":"Datenschutzerkl\u00e4rung - LG-Deiringsen","robots":{"index":"index","follow":"follow","max-snippet":"max-snippet:-1","max-image-preview":"max-image-preview:large","max-video-preview":"max-video-preview:-1"},"canonical":"https:\/\/lg-deiringsen.de\/?page_id=132","og_locale":"de_DE","og_type":"article","og_title":"Datenschutzerkl\u00e4rung - LG-Deiringsen","og_description":"Allgemeines Die Einhaltung der Datenschutzgesetze ist f\u00fcr uns ein Vertrauensfaktor und nicht nur gesetzliche Pflicht. Wir m\u00f6chten Ihnen erkl\u00e4ren wie wir mit Ihren personenbezogenen Daten (im nachfolgenden Daten genannt) umgehen [&hellip;]","og_url":"https:\/\/lg-deiringsen.de\/?page_id=132","og_site_name":"LG-Deiringsen","article_modified_time":"2024-06-19T10:25:45+00:00","twitter_card":"summary_large_image","twitter_misc":{"Gesch\u00e4tzte Lesezeit":"7\u00a0Minuten"},"schema":{"@context":"https:\/\/schema.org","@graph":[{"@type":"WebPage","@id":"https:\/\/lg-deiringsen.de\/?page_id=132","url":"https:\/\/lg-deiringsen.de\/?page_id=132","name":"Datenschutzerkl\u00e4rung - LG-Deiringsen","isPartOf":{"@id":"https:\/\/lg-deiringsen.de\/#website"},"datePublished":"2024-04-28T13:19:26+00:00","dateModified":"2024-06-19T10:25:45+00:00","breadcrumb":{"@id":"https:\/\/lg-deiringsen.de\/?page_id=132#breadcrumb"},"inLanguage":"de","potentialAction":[{"@type":"ReadAction","target":["https:\/\/lg-deiringsen.de\/?page_id=132"]}]},{"@type":"BreadcrumbList","@id":"https:\/\/lg-deiringsen.de\/?page_id=132#breadcrumb","itemListElement":[{"@type":"ListItem","position":1,"name":"Startseite","item":"https:\/\/lg-deiringsen.de\/"},{"@type":"ListItem","position":2,"name":"Datenschutzerkl\u00e4rung"}]},{"@type":"WebSite","@id":"https:\/\/lg-deiringsen.de\/#website","url":"https:\/\/lg-deiringsen.de\/","name":"LG-Deiringsen","description":"","publisher":{"@id":"https:\/\/lg-deiringsen.de\/#organization"},"alternateName":"Laufgruppe Deiringsen","potentialAction":[{"@type":"SearchAction","target":{"@type":"EntryPoint","urlTemplate":"https:\/\/lg-deiringsen.de\/?s={search_term_string}"},"query-input":{"@type":"PropertyValueSpecification","valueRequired":true,"valueName":"search_term_string"}}],"inLanguage":"de"},{"@type":"Organization","@id":"https:\/\/lg-deiringsen.de\/#organization","name":"LG-Deiringsen","url":"https:\/\/lg-deiringsen.de\/","logo":{"@type":"ImageObject","inLanguage":"de","@id":"https:\/\/lg-deiringsen.de\/#\/schema\/logo\/image\/","url":"https:\/\/lg-deiringsen.de\/wp-content\/uploads\/2024\/04\/logotrans100.png","contentUrl":"https:\/\/lg-deiringsen.de\/wp-content\/uploads\/2024\/04\/logotrans100.png","width":100,"height":100,"caption":"LG-Deiringsen"},"image":{"@id":"https:\/\/lg-deiringsen.de\/#\/schema\/logo\/image\/"}}]}},"_links":{"self":[{"href":"https:\/\/lg-deiringsen.de\/index.php?rest_route=\/wp\/v2\/pages\/132","targetHints":{"allow":["GET"]}}],"collection":[{"href":"https:\/\/lg-deiringsen.de\/index.php?rest_route=\/wp\/v2\/pages"}],"about":[{"href":"https:\/\/lg-deiringsen.de\/index.php?rest_route=\/wp\/v2\/types\/page"}],"author":[{"embeddable":true,"href":"https:\/\/lg-deiringsen.de\/index.php?rest_route=\/wp\/v2\/users\/1"}],"replies":[{"embeddable":true,"href":"https:\/\/lg-deiringsen.de\/index.php?rest_route=%2Fwp%2Fv2%2Fcomments&post=132"}],"version-history":[{"count":11,"href":"https:\/\/lg-deiringsen.de\/index.php?rest_route=\/wp\/v2\/pages\/132\/revisions"}],"predecessor-version":[{"id":502,"href":"https:\/\/lg-deiringsen.de\/index.php?rest_route=\/wp\/v2\/pages\/132\/revisions\/502"}],"wp:attachment":[{"href":"https:\/\/lg-deiringsen.de\/index.php?rest_route=%2Fwp%2Fv2%2Fmedia&parent=132"}],"curies":[{"name":"wp","href":"https:\/\/api.w.org\/{rel}","templated":true}]}}