{"id":131,"date":"2024-04-28T13:19:26","date_gmt":"2024-04-28T13:19:26","guid":{"rendered":"https:\/\/wordpress.lg-deiringsen.de\/?page_id=131"},"modified":"2024-06-04T10:58:58","modified_gmt":"2024-06-04T10:58:58","slug":"impressum","status":"publish","type":"page","link":"https:\/\/lg-deiringsen.de\/?page_id=131","title":{"rendered":"Impressum"},"content":{"rendered":"\n<p class=\"has-text-color has-link-color wp-elements-0a5b68876790941f2ad3d4a01f620024\" style=\"color:#fffefe\"><\/p>\n\n\n\n<h2 class=\"wp-block-heading\">Laufgruppe Deiringsen e. V.<\/h2>\n\n\n\n<ul class=\"wp-block-list\">\n<li><strong>Vorstandsvorsitzender:Hans-Dieter Schenzer (1. Vorsitzender und DLV Trainer Leistungssport)<\/strong><br>Alte Dorfstra\u00dfe 49<br>59494 Soest-Deiringsen<br>Tel.: (0 29 21) 6 27 69<br><a href=\"https:\/\/wordpress.lg-deiringsen.de\/?page_id=133\">Kontaktformular<\/a><\/li>\n\n\n\n<li><strong>Haftungshinweis: Trotz sorgf\u00e4ltiger inhaltlicher Kontrolle \u00fcbernehmen wir keine Haftung f\u00fcr die Inhalte externer Links. F\u00fcr den Inhalt der verlinkten Seiten sind ausschlie\u00dflich deren Betreiber verantwortlich.<\/strong><\/li>\n<\/ul>\n\n\n\n<p>Urheberrechtshinweise<br><br>Die Website steht dem Nutzer nur zur pers\u00f6nlichen Nutzung zur Verf\u00fcgung. Die Inhalte und Programme dieser Website sind durch uns urheberrechtlich gesch\u00fctzt. Alle Rechte daran behalten wir uns vor. Informationen auf dieser Website, einschlie\u00dflich Texten und Bildern, d\u00fcrfen nicht, sofern nicht ausdr\u00fccklich anders bestimmt, vervielf\u00e4ltigt, transferiert, vertrieben oder gespeichert werden ohne schriftliche Genehmigung des Herausgebers. Modifikationen des Inhalts dieser Website sind ausdr\u00fccklich untersagt.<\/p>\n\n\n\n<p>Hinweise zu externen Links<br><br>Das Landgericht (LG) Hamburg hat mit Urteil vom 12. Mai 1998 &#8211; 312 O 85\/98 &#8211; &#8222;Haftung f\u00fcr Links&#8220; &#8211; entschieden, dass die Anbringung eines Links dazu f\u00fchren kann, dass der Verlinkende die Inhalte der gelinkten Seite ggf. mit zu verantworten hat. Dies kann &#8211; so das LG &#8211; nur dadurch verhindert werden, dass man sich ausdr\u00fccklich von diesen Inhalten distanziert. Wir haben auf unserer Website Links zu anderen Seiten im Internet gelegt. F\u00fcr alle diese Links gilt: Wir haben keinerlei Einfluss auf die Gestaltung und die Inhalte der gelinkten Seiten. Daher distanzieren wir uns ausdr\u00fccklich von allen Inhalten aller gelinkten Seiten auf unserer Website (Homepage) und machen uns diese Inhalte nicht zu eigen. Diese Erkl\u00e4rung gilt f\u00fcr alle auf unserer Website angebrachten Links.<\/p>\n\n\n\n<p>Haftungsausschluss<\/p>\n\n\n\n<p>Alle Informationen auf dieser Website verstehen sich als &#8222;Aussagen an sich&#8220; ohne implizite Garantien jedweder Art. Die bereitgestellten Informationen auf dieser Website wurden sorgf\u00e4ltig gepr\u00fcft und werden regelm\u00e4\u00dfig aktualisiert. Jedoch kann keine Garantie daf\u00fcr \u00fcbernommen werden, dass alle Angaben zu jeder Zeit vollst\u00e4ndig, richtig und in letzter Aktualit\u00e4t dargestellt sind. Dies gilt insbesondere f\u00fcr alle Verbindungen (&#8222;Links&#8220;) zu anderen Websites, auf die direkt oder indirekt verwiesen wird. Wir sind dar\u00fcber hinaus nicht in der Lage, derartige Verweise festzustellen oder zu \u00fcberpr\u00fcfen.Au\u00dferdem liegt es nicht in unserer Verantwortung, Vorsichtsma\u00dfnahmen zu ergreifen gegen destruktive Programme oder Programmteile wie Viren, Worms, Trojanische Pferde o.\u00e4., die auf Webservern liegen, die m\u00f6glicherweise durch Links von unserer Website aus erreicht werden.<\/p>\n\n\n\n<p>Datenschutzhinweise<\/p>\n\n\n\n<p>Wenn Sie mittels E-Mail oder www-Formular Kontakt mit uns aufnehmen, sollten Sie wissen, dass wir Ihre pers\u00f6nlichen Daten (Name, Adresse), die Sie uns \u00fcbermitteln, elektronisch speichern, um sie f\u00fcr Kommunikationszwecke mit Ihnen zu verwenden.Mit der Nutzung dieser Website und der Abgabe Ihrer pers\u00f6nlichen Daten per E-Mail oder www-Formular geben Sie Ihre Einwilligung zu der hier beschriebenen Verarbeitung und Nutzung Ihrer pers\u00f6nlichen Daten. Sie k\u00f6nnen diese Einwilligung jederzeit widerrufen und auch die L\u00f6schung Ihrer Daten verlangen.<\/p>\n","protected":false},"excerpt":{"rendered":"<p>Laufgruppe Deiringsen e. V. Urheberrechtshinweise Die Website steht dem Nutzer nur zur pers\u00f6nlichen Nutzung zur Verf\u00fcgung. Die Inhalte und Programme dieser Website sind durch uns urheberrechtlich gesch\u00fctzt. Alle Rechte daran [&hellip;]<\/p>\n","protected":false},"author":1,"featured_media":0,"parent":0,"menu_order":0,"comment_status":"closed","ping_status":"closed","template":"","meta":{"footnotes":""},"class_list":["post-131","page","type-page","status-publish","hentry","post-preview"],"yoast_head":"<!-- This site is optimized with the Yoast SEO plugin v27.4 - https:\/\/yoast.com\/product\/yoast-seo-wordpress\/ -->\n<title>Impressum - LG-Deiringsen<\/title>\n<meta name=\"robots\" content=\"index, follow, max-snippet:-1, max-image-preview:large, max-video-preview:-1\" \/>\n<link rel=\"canonical\" href=\"https:\/\/lg-deiringsen.de\/?page_id=131\" \/>\n<meta property=\"og:locale\" content=\"de_DE\" \/>\n<meta property=\"og:type\" content=\"article\" \/>\n<meta property=\"og:title\" content=\"Impressum - LG-Deiringsen\" \/>\n<meta property=\"og:description\" content=\"Laufgruppe Deiringsen e. V. Urheberrechtshinweise Die Website steht dem Nutzer nur zur pers\u00f6nlichen Nutzung zur Verf\u00fcgung. Die Inhalte und Programme dieser Website sind durch uns urheberrechtlich gesch\u00fctzt. Alle Rechte daran [&hellip;]\" \/>\n<meta property=\"og:url\" content=\"https:\/\/lg-deiringsen.de\/?page_id=131\" \/>\n<meta property=\"og:site_name\" content=\"LG-Deiringsen\" \/>\n<meta property=\"article:modified_time\" content=\"2024-06-04T10:58:58+00:00\" \/>\n<meta name=\"twitter:card\" content=\"summary_large_image\" \/>\n<meta name=\"twitter:label1\" content=\"Gesch\u00e4tzte Lesezeit\" \/>\n\t<meta name=\"twitter:data1\" content=\"3\u00a0Minuten\" \/>\n<script type=\"application\/ld+json\" class=\"yoast-schema-graph\">{\"@context\":\"https:\\\/\\\/schema.org\",\"@graph\":[{\"@type\":\"WebPage\",\"@id\":\"https:\\\/\\\/lg-deiringsen.de\\\/?page_id=131\",\"url\":\"https:\\\/\\\/lg-deiringsen.de\\\/?page_id=131\",\"name\":\"Impressum - LG-Deiringsen\",\"isPartOf\":{\"@id\":\"https:\\\/\\\/lg-deiringsen.de\\\/#website\"},\"datePublished\":\"2024-04-28T13:19:26+00:00\",\"dateModified\":\"2024-06-04T10:58:58+00:00\",\"breadcrumb\":{\"@id\":\"https:\\\/\\\/lg-deiringsen.de\\\/?page_id=131#breadcrumb\"},\"inLanguage\":\"de\",\"potentialAction\":[{\"@type\":\"ReadAction\",\"target\":[\"https:\\\/\\\/lg-deiringsen.de\\\/?page_id=131\"]}]},{\"@type\":\"BreadcrumbList\",\"@id\":\"https:\\\/\\\/lg-deiringsen.de\\\/?page_id=131#breadcrumb\",\"itemListElement\":[{\"@type\":\"ListItem\",\"position\":1,\"name\":\"Startseite\",\"item\":\"https:\\\/\\\/lg-deiringsen.de\\\/\"},{\"@type\":\"ListItem\",\"position\":2,\"name\":\"Impressum\"}]},{\"@type\":\"WebSite\",\"@id\":\"https:\\\/\\\/lg-deiringsen.de\\\/#website\",\"url\":\"https:\\\/\\\/lg-deiringsen.de\\\/\",\"name\":\"LG-Deiringsen\",\"description\":\"\",\"publisher\":{\"@id\":\"https:\\\/\\\/lg-deiringsen.de\\\/#organization\"},\"alternateName\":\"Laufgruppe Deiringsen\",\"potentialAction\":[{\"@type\":\"SearchAction\",\"target\":{\"@type\":\"EntryPoint\",\"urlTemplate\":\"https:\\\/\\\/lg-deiringsen.de\\\/?s={search_term_string}\"},\"query-input\":{\"@type\":\"PropertyValueSpecification\",\"valueRequired\":true,\"valueName\":\"search_term_string\"}}],\"inLanguage\":\"de\"},{\"@type\":\"Organization\",\"@id\":\"https:\\\/\\\/lg-deiringsen.de\\\/#organization\",\"name\":\"LG-Deiringsen\",\"url\":\"https:\\\/\\\/lg-deiringsen.de\\\/\",\"logo\":{\"@type\":\"ImageObject\",\"inLanguage\":\"de\",\"@id\":\"https:\\\/\\\/lg-deiringsen.de\\\/#\\\/schema\\\/logo\\\/image\\\/\",\"url\":\"https:\\\/\\\/lg-deiringsen.de\\\/wp-content\\\/uploads\\\/2024\\\/04\\\/logotrans100.png\",\"contentUrl\":\"https:\\\/\\\/lg-deiringsen.de\\\/wp-content\\\/uploads\\\/2024\\\/04\\\/logotrans100.png\",\"width\":100,\"height\":100,\"caption\":\"LG-Deiringsen\"},\"image\":{\"@id\":\"https:\\\/\\\/lg-deiringsen.de\\\/#\\\/schema\\\/logo\\\/image\\\/\"}}]}<\/script>\n<!-- \/ Yoast SEO plugin. -->","yoast_head_json":{"title":"Impressum - LG-Deiringsen","robots":{"index":"index","follow":"follow","max-snippet":"max-snippet:-1","max-image-preview":"max-image-preview:large","max-video-preview":"max-video-preview:-1"},"canonical":"https:\/\/lg-deiringsen.de\/?page_id=131","og_locale":"de_DE","og_type":"article","og_title":"Impressum - LG-Deiringsen","og_description":"Laufgruppe Deiringsen e. V. Urheberrechtshinweise Die Website steht dem Nutzer nur zur pers\u00f6nlichen Nutzung zur Verf\u00fcgung. Die Inhalte und Programme dieser Website sind durch uns urheberrechtlich gesch\u00fctzt. Alle Rechte daran [&hellip;]","og_url":"https:\/\/lg-deiringsen.de\/?page_id=131","og_site_name":"LG-Deiringsen","article_modified_time":"2024-06-04T10:58:58+00:00","twitter_card":"summary_large_image","twitter_misc":{"Gesch\u00e4tzte Lesezeit":"3\u00a0Minuten"},"schema":{"@context":"https:\/\/schema.org","@graph":[{"@type":"WebPage","@id":"https:\/\/lg-deiringsen.de\/?page_id=131","url":"https:\/\/lg-deiringsen.de\/?page_id=131","name":"Impressum - LG-Deiringsen","isPartOf":{"@id":"https:\/\/lg-deiringsen.de\/#website"},"datePublished":"2024-04-28T13:19:26+00:00","dateModified":"2024-06-04T10:58:58+00:00","breadcrumb":{"@id":"https:\/\/lg-deiringsen.de\/?page_id=131#breadcrumb"},"inLanguage":"de","potentialAction":[{"@type":"ReadAction","target":["https:\/\/lg-deiringsen.de\/?page_id=131"]}]},{"@type":"BreadcrumbList","@id":"https:\/\/lg-deiringsen.de\/?page_id=131#breadcrumb","itemListElement":[{"@type":"ListItem","position":1,"name":"Startseite","item":"https:\/\/lg-deiringsen.de\/"},{"@type":"ListItem","position":2,"name":"Impressum"}]},{"@type":"WebSite","@id":"https:\/\/lg-deiringsen.de\/#website","url":"https:\/\/lg-deiringsen.de\/","name":"LG-Deiringsen","description":"","publisher":{"@id":"https:\/\/lg-deiringsen.de\/#organization"},"alternateName":"Laufgruppe Deiringsen","potentialAction":[{"@type":"SearchAction","target":{"@type":"EntryPoint","urlTemplate":"https:\/\/lg-deiringsen.de\/?s={search_term_string}"},"query-input":{"@type":"PropertyValueSpecification","valueRequired":true,"valueName":"search_term_string"}}],"inLanguage":"de"},{"@type":"Organization","@id":"https:\/\/lg-deiringsen.de\/#organization","name":"LG-Deiringsen","url":"https:\/\/lg-deiringsen.de\/","logo":{"@type":"ImageObject","inLanguage":"de","@id":"https:\/\/lg-deiringsen.de\/#\/schema\/logo\/image\/","url":"https:\/\/lg-deiringsen.de\/wp-content\/uploads\/2024\/04\/logotrans100.png","contentUrl":"https:\/\/lg-deiringsen.de\/wp-content\/uploads\/2024\/04\/logotrans100.png","width":100,"height":100,"caption":"LG-Deiringsen"},"image":{"@id":"https:\/\/lg-deiringsen.de\/#\/schema\/logo\/image\/"}}]}},"_links":{"self":[{"href":"https:\/\/lg-deiringsen.de\/index.php?rest_route=\/wp\/v2\/pages\/131","targetHints":{"allow":["GET"]}}],"collection":[{"href":"https:\/\/lg-deiringsen.de\/index.php?rest_route=\/wp\/v2\/pages"}],"about":[{"href":"https:\/\/lg-deiringsen.de\/index.php?rest_route=\/wp\/v2\/types\/page"}],"author":[{"embeddable":true,"href":"https:\/\/lg-deiringsen.de\/index.php?rest_route=\/wp\/v2\/users\/1"}],"replies":[{"embeddable":true,"href":"https:\/\/lg-deiringsen.de\/index.php?rest_route=%2Fwp%2Fv2%2Fcomments&post=131"}],"version-history":[{"count":6,"href":"https:\/\/lg-deiringsen.de\/index.php?rest_route=\/wp\/v2\/pages\/131\/revisions"}],"predecessor-version":[{"id":351,"href":"https:\/\/lg-deiringsen.de\/index.php?rest_route=\/wp\/v2\/pages\/131\/revisions\/351"}],"wp:attachment":[{"href":"https:\/\/lg-deiringsen.de\/index.php?rest_route=%2Fwp%2Fv2%2Fmedia&parent=131"}],"curies":[{"name":"wp","href":"https:\/\/api.w.org\/{rel}","templated":true}]}}